{"id":2,"date":"2019-09-26T22:18:34","date_gmt":"2019-09-26T20:18:34","guid":{"rendered":"http:\/\/anibalzorrilla.com\/?page_id=2"},"modified":"2024-11-12T20:16:07","modified_gmt":"2024-11-12T19:16:07","slug":"pagina-ejemplo","status":"publish","type":"page","link":"https:\/\/anibalzorrilla.com\/","title":{"rendered":"Cultivando"},"content":{"rendered":"<div class=\"vce-row-container\" data-vce-boxed-width=\"true\"><div class=\"vce-row vce-row--col-gap-30 vce-row-equal-height vce-row-content--top\" id=\"el-e4451258\" data-vce-do-apply=\"all el-e4451258\"><div class=\"vce-content-background-container\"><\/div><div class=\"vce-row-content\" data-vce-element-content=\"true\"><div class=\"vce-col vce-col--md-auto vce-col--xs-1 vce-col--xs-last vce-col--xs-first vce-col--sm-last vce-col--sm-first vce-col--md-last vce-col--lg-last vce-col--xl-last vce-col--md-first vce-col--lg-first vce-col--xl-first\" id=\"el-cbbad85d\"><div class=\"vce-col-inner\" data-vce-do-apply=\"border margin background  el-cbbad85d\"><div class=\"vce-col-content\" data-vce-element-content=\"true\" data-vce-do-apply=\"padding el-cbbad85d\"><div class=\"vce-text-block\"><div class=\"vce-text-block-wrapper vce\" id=\"el-46fca50b\" data-vce-do-apply=\"all el-46fca50b\">\n<p>Hace varios a\u00f1os que mantengo un blog personal, ya casi no lo uso. Pero est\u00e1 <a href=\"http:\/\/anibalzorrilla.blogspot.com\/\">aqu\u00ed<\/a>. Tiene posteos desde hace m\u00e1s de 15 a\u00f1os.<\/p>\n\n<p>&nbsp;<\/p>\n<\/div><\/div><\/div><\/div><\/div><\/div><\/div><\/div><div class=\"vce-row-container\" data-vce-boxed-width=\"true\"><div class=\"vce-row vce-row--col-gap-30 vce-row-equal-height vce-row-content--top\" id=\"el-df985c70\" data-vce-do-apply=\"all el-df985c70\"><div class=\"vce-content-background-container\"><\/div><div class=\"vce-row-content\" data-vce-element-content=\"true\"><div class=\"vce-col vce-col--md-auto vce-col--xs-1 vce-col--xs-last vce-col--xs-first vce-col--sm-last vce-col--sm-first vce-col--md-last vce-col--lg-last vce-col--xl-last vce-col--md-first vce-col--lg-first vce-col--xl-first\" id=\"el-a03aa7e4\"><div class=\"vce-col-inner\" data-vce-do-apply=\"border margin background  el-a03aa7e4\"><div class=\"vce-col-content\" data-vce-element-content=\"true\" data-vce-do-apply=\"padding el-a03aa7e4\"><div class=\"vce-text-block\"><div class=\"vce-text-block-wrapper vce\" id=\"el-dbba25be\" data-vce-do-apply=\"all el-dbba25be\"><p>Tambi\u00e9n mantengo los blogs de los equipos de investigaci\u00f3n en los que particip\u00e9, como investigador o como director. El de <a href=\"https:\/\/seminarioritmo.blogspot.com\/\">ritmo<\/a> y el de <a href=\"https:\/\/intad1.wordpress.com\/\">tecnolog\u00eda<\/a>.<\/p><\/div><\/div><\/div><\/div><\/div><\/div><\/div><\/div>","protected":false},"excerpt":{"rendered":"<p>Hace varios a\u00f1os que mantengo un blog personal, ya casi no lo uso. Pero est\u00e1 aqu\u00ed. Tiene posteos desde hace m\u00e1s de 15 a\u00f1os. &nbsp; Tambi\u00e9n mantengo los blogs de &#8230;<\/p>\n","protected":false},"author":1,"featured_media":0,"parent":0,"menu_order":0,"comment_status":"closed","ping_status":"open","template":"","meta":{"footnotes":""},"class_list":["post-2","page","type-page","status-publish","hentry"],"_links":{"self":[{"href":"https:\/\/anibalzorrilla.com\/index.php?rest_route=\/wp\/v2\/pages\/2","targetHints":{"allow":["GET"]}}],"collection":[{"href":"https:\/\/anibalzorrilla.com\/index.php?rest_route=\/wp\/v2\/pages"}],"about":[{"href":"https:\/\/anibalzorrilla.com\/index.php?rest_route=\/wp\/v2\/types\/page"}],"author":[{"embeddable":true,"href":"https:\/\/anibalzorrilla.com\/index.php?rest_route=\/wp\/v2\/users\/1"}],"replies":[{"embeddable":true,"href":"https:\/\/anibalzorrilla.com\/index.php?rest_route=%2Fwp%2Fv2%2Fcomments&post=2"}],"version-history":[{"count":3,"href":"https:\/\/anibalzorrilla.com\/index.php?rest_route=\/wp\/v2\/pages\/2\/revisions"}],"predecessor-version":[{"id":94,"href":"https:\/\/anibalzorrilla.com\/index.php?rest_route=\/wp\/v2\/pages\/2\/revisions\/94"}],"wp:attachment":[{"href":"https:\/\/anibalzorrilla.com\/index.php?rest_route=%2Fwp%2Fv2%2Fmedia&parent=2"}],"curies":[{"name":"wp","href":"https:\/\/api.w.org\/{rel}","templated":true}]}}